{"id":762,"date":"2025-07-14T14:21:51","date_gmt":"2025-07-14T14:21:51","guid":{"rendered":"https:\/\/raywalodge.com\/amenities\/"},"modified":"2025-07-21T13:13:46","modified_gmt":"2025-07-21T10:13:46","slug":"sejours-treks-raywa-lodge","status":"publish","type":"page","link":"https:\/\/raywalodge.com\/en\/sejours-treks-raywa-lodge\/","title":{"rendered":"Our Stays &amp; Treks"},"content":{"rendered":"<div class=\"wp-block-uagb-container uagb-block-ab260f0f alignfull uagb-is-root-container\">\n<div class=\"wp-block-uagb-advanced-heading uagb-block-27317833\"><h1 class=\"uagb-heading-text\"> <strong>Our Stays &amp; Treks \u2013 RayWa Lodge<\/strong><\/h1><\/div>\n<\/div>\n\n\n\n<div class=\"wp-block-uagb-container uagb-block-ceb166e0 alignfull uagb-is-root-container\"><div class=\"uagb-container-inner-blocks-wrap\">\n<div class=\"wp-block-uagb-call-to-action uagb-block-4467f94b wp-block-button\"><div class=\"uagb-cta__wrap\"><h2 class=\"uagb-cta__title\">Our Stays &amp; Treks Offers<\/h2><p class=\"uagb-cta__desc\"><strong>Discover Madagascar Differently with RayWa Lodge<\/strong><br>Immerse yourself in pristine nature with our all-inclusive packages: charming accommodation, guided hikes, customized excursions, and relaxing moments. Whether you\u2019re a trekking enthusiast, nature lover, or seeking rejuvenation, we have the perfect offer for you.<\/p><\/div><div class=\"uagb-cta__buttons\"><a href=\"#\" class=\"uagb-cta__button-link-wrapper wp-block-button__link\" target=\"_self\" rel=\"noopener noreferrer\">BOOK NOW<\/a><\/div><\/div>\n\n\n\n<div class=\"wp-block-uagb-container uagb-layout-grid uagb-block-75d2dfa2\">\n<div class=\"wp-block-uagb-info-box uagb-block-17795cc1 uagb-infobox__content-wrap  uagb-infobox-icon-above-title uagb-infobox-image-valign-top\"><div class=\"uagb-ifb-content\"><div class=\"uagb-ifb-image-content\"><img loading=\"lazy\" decoding=\"async\" src=\"https:\/\/raywalodge.com\/wp-content\/uploads\/2025\/07\/140037_w-576_h-324_q-70_m-crop.jpg\" alt=\"boby madagascar raywa\" width=\"100\" height=\"56\" title=\"Nos s\u00e9jours &amp; treks\"><\/div><div class=\"uagb-ifb-title-wrap\"><h2 class=\"uagb-ifb-title\"><strong>Offer 1: RN7 Trek &amp; Pic Boby Summit (14 Days)<\/strong><\/h2><\/div><p class=\"uagb-ifb-desc\">Departure from RayWa Lodge<br>Discover Antananarivo<br>Route RN7 : Ambalavao, Ranomafana, Isalo<br>Hike to the <strong>Pic Boby<\/strong><br>Nights in lodges, bivouacs &amp; RayWa Lodge<br>\ud83d\udcb0 <strong>Price<\/strong> : de <strong>\u20ac1200 to \u20ac1500<\/strong> \/ person<br><em>Accommodation included \u2013 Meals outside the trek not included<\/em><\/p><div class=\"uagb-ifb-button-wrapper wp-block-button\"><a href=\"\/en\/contact\/\" class=\"uagb-infobox-cta-link wp-block-button__link\" target=\"_self\" rel=\"noopener noreferrer\" onclick=\"return true;\"><span class=\"uagb-inline-editing\">BOOK NOW<\/span><\/a><\/div><\/div><\/div>\n\n\n\n<div class=\"wp-block-uagb-info-box uagb-block-ec0305fe uagb-infobox__content-wrap  uagb-infobox-icon-above-title uagb-infobox-image-valign-top\"><div class=\"uagb-ifb-content\"><div class=\"uagb-ifb-image-content\"><img loading=\"lazy\" decoding=\"async\" src=\"https:\/\/raywalodge.com\/wp-content\/uploads\/2025\/07\/telechargement-1.jpg\" alt=\"makay lodge madagascar\" width=\"100\" height=\"57\" title=\"Nos s\u00e9jours &amp; treks\"><\/div><div class=\"uagb-ifb-title-wrap\"><h2 class=\"uagb-ifb-title\"><strong>Offer 2: Makay Expedition \u2013 Ultimate Adventure (14 Days)<\/strong><\/h2><\/div><p class=\"uagb-ifb-desc\">Exploration of the Makay Massif<br>Tent bivouac with full logistics<br>Professional guidance<br>Return to RayWa Lodge<br>\ud83d\udcb0 <strong>Price<\/strong> : <strong>1850\u20ac \u00e0 2000\u20ac<\/strong> \/ person<br><em>Accommodation and expedition included \u2013 External meals optional<\/em><br><\/p><div class=\"uagb-ifb-button-wrapper wp-block-button\"><a href=\"\/en\/contact\/\" class=\"uagb-infobox-cta-link wp-block-button__link\" target=\"_self\" rel=\"noopener noreferrer\" onclick=\"return true;\"><span class=\"uagb-inline-editing\">BOOK NOW<\/span><\/a><\/div><\/div><\/div>\n\n\n\n<div class=\"wp-block-uagb-info-box uagb-block-ea50ae39 uagb-infobox__content-wrap  uagb-infobox-icon-above-title uagb-infobox-image-valign-top\"><div class=\"uagb-ifb-content\"><div class=\"uagb-ifb-image-content\"><img loading=\"lazy\" decoding=\"async\" src=\"https:\/\/raywalodge.com\/wp-content\/uploads\/2025\/07\/cutkphaxxwyjrrxomm8w.webp\" alt=\"trek madagascar raywa\" width=\"100\" height=\"56\" title=\"Nos s\u00e9jours &amp; treks\"><\/div><div class=\"uagb-ifb-title-wrap\"><h2 class=\"uagb-ifb-title\"><strong>Offer 3: Mini Trek Around Tana (7 Days)<\/strong><\/h2><\/div><p class=\"uagb-ifb-desc\">Hikes: Ampefy, Andasibe, Angavokely<br>Discover the capital by day &amp; night<br>One night in a tipi (according to itinerary)<br>RayWa Lodge as your base camp<br>\ud83d\udcb0 <strong>Price<\/strong> : <strong>\u20ac800 to \u20ac1000<\/strong> \/ person<br><em>Ideal for short stays \u2013 Picnics included during the treks<\/em><\/p><div class=\"uagb-ifb-button-wrapper wp-block-button\"><a href=\"\/en\/contact\/\" class=\"uagb-infobox-cta-link wp-block-button__link\" target=\"_self\" rel=\"noopener noreferrer\" onclick=\"return true;\"><span class=\"uagb-inline-editing\">BOOK NOW<\/span><\/a><\/div><\/div><\/div>\n\n\n\n<div class=\"wp-block-uagb-info-box uagb-block-dfe6b605 uagb-infobox__content-wrap  uagb-infobox-icon-above-title uagb-infobox-image-valign-top\"><div class=\"uagb-ifb-content\"><div class=\"uagb-ifb-image-content\"><img loading=\"lazy\" decoding=\"async\" src=\"https:\/\/raywalodge.com\/wp-content\/uploads\/2025\/07\/pexels-sanmane-1365425-_1_.webp\" alt=\"raywa tana\" width=\"100\" height=\"66\" title=\"Nos s\u00e9jours &amp; treks\"><\/div><div class=\"uagb-ifb-title-wrap\"><h2 class=\"uagb-ifb-title\"><strong>Offer 4: Fully Customized Tailor-Made Stay<\/strong><\/h2><\/div><p class=\"uagb-ifb-desc\">Do you have a special wish? A schedule to follow?<br>We organize a <strong>voyage sur-mesure<\/strong> family, solo, couple, spiritual retreats, luxury, and more.<br>Response within 48 hours with a quote tailored to your budget.<\/p><div class=\"uagb-ifb-button-wrapper wp-block-button\"><a href=\"\/en\/contact\/\" class=\"uagb-infobox-cta-link wp-block-button__link\" target=\"_self\" rel=\"noopener noreferrer\" onclick=\"return true;\"><span class=\"uagb-inline-editing\">BOOK NOW<\/span><\/a><\/div><\/div><\/div>\n<\/div>\n<\/div><\/div>\n\n\n\n<div class=\"wp-block-uagb-container uagb-layout-grid uagb-block-8e9a729e alignfull uagb-is-root-container\">\n<div class=\"wp-block-uagb-container uag-hide-mob uagb-layout-grid uagb-block-6622c10c\">\n<div class=\"wp-block-uagb-image uagb-block-4c9d53a3 wp-block-uagb-image--layout-default wp-block-uagb-image--effect-static wp-block-uagb-image--align-none\"><figure class=\"wp-block-uagb-image__figure\"><img loading=\"lazy\" decoding=\"async\" srcset=\"https:\/\/raywalodge.com\/wp-content\/uploads\/2025\/07\/btvefd08gilsdqtwtscp.webp ,https:\/\/raywalodge.com\/wp-content\/uploads\/2025\/07\/btvefd08gilsdqtwtscp.webp 780w, https:\/\/raywalodge.com\/wp-content\/uploads\/2025\/07\/btvefd08gilsdqtwtscp.webp 360w\" sizes=\"auto, (max-width: 480px) 150px\" src=\"https:\/\/raywalodge.com\/wp-content\/uploads\/2025\/07\/btvefd08gilsdqtwtscp.webp\" alt=\"btvefd08gilsdqtwtscp\" class=\"uag-image-1367\" width=\"1280\" height=\"500\" title=\"btvefd08gilsdqtwtscp\" role=\"img\"\/><\/figure><\/div>\n\n\n\n<div class=\"wp-block-uagb-image uagb-block-e4108984 wp-block-uagb-image--layout-default wp-block-uagb-image--effect-static wp-block-uagb-image--align-none\"><figure class=\"wp-block-uagb-image__figure\"><img loading=\"lazy\" decoding=\"async\" srcset=\"https:\/\/raywalodge.com\/wp-content\/uploads\/2025\/07\/telechargement-1.jpg ,https:\/\/raywalodge.com\/wp-content\/uploads\/2025\/07\/telechargement-1.jpg 780w, https:\/\/raywalodge.com\/wp-content\/uploads\/2025\/07\/telechargement-1.jpg 360w\" sizes=\"auto, (max-width: 480px) 150px\" src=\"https:\/\/raywalodge.com\/wp-content\/uploads\/2025\/07\/telechargement-1.jpg\" alt=\"makay lodge madagascar\" class=\"uag-image-1548\" width=\"480\" height=\"500\" title=\"t\u00e9l\u00e9chargement (1)\" role=\"img\"\/><\/figure><\/div>\n\n\n\n<div class=\"wp-block-uagb-container uagb-block-c4ac3168\">\n<div class=\"wp-block-uagb-image uagb-block-8b0cdfaf wp-block-uagb-image--layout-default wp-block-uagb-image--effect-static wp-block-uagb-image--align-none\"><figure class=\"wp-block-uagb-image__figure\"><img loading=\"lazy\" decoding=\"async\" srcset=\"https:\/\/raywalodge.com\/wp-content\/uploads\/2025\/07\/pexels-saurabh-singh-278433-869267-_1_-1024x683.webp ,https:\/\/raywalodge.com\/wp-content\/uploads\/2025\/07\/pexels-saurabh-singh-278433-869267-_1_.webp 780w, https:\/\/raywalodge.com\/wp-content\/uploads\/2025\/07\/pexels-saurabh-singh-278433-869267-_1_.webp 360w\" sizes=\"auto, (max-width: 480px) 150px\" src=\"https:\/\/raywalodge.com\/wp-content\/uploads\/2025\/07\/pexels-saurabh-singh-278433-869267-_1_-1024x683.webp\" alt=\"trek mada\" class=\"uag-image-1552\" width=\"1024\" height=\"683\" title=\"pexels saurabh singh 278433 869267 1\" role=\"img\"\/><\/figure><\/div>\n<\/div>\n<\/div>\n\n\n\n<div class=\"wp-block-uagb-container uagb-layout-grid uagb-block-2a744638\">\n<div class=\"wp-block-uagb-container uagb-block-07ed7677\">\n<div class=\"wp-block-uagb-image uagb-block-7bfe8c23 wp-block-uagb-image--layout-default wp-block-uagb-image--effect-static wp-block-uagb-image--align-none\"><figure class=\"wp-block-uagb-image__figure\"><img loading=\"lazy\" decoding=\"async\" srcset=\"https:\/\/raywalodge.com\/wp-content\/uploads\/2025\/07\/pexels-tirachard-kumtanom-112571-450062-1-1024x768.jpg ,https:\/\/raywalodge.com\/wp-content\/uploads\/2025\/07\/pexels-tirachard-kumtanom-112571-450062-1.jpg 780w, https:\/\/raywalodge.com\/wp-content\/uploads\/2025\/07\/pexels-tirachard-kumtanom-112571-450062-1.jpg 360w\" sizes=\"auto, (max-width: 480px) 150px\" src=\"https:\/\/raywalodge.com\/wp-content\/uploads\/2025\/07\/pexels-tirachard-kumtanom-112571-450062-1-1024x768.jpg\" alt=\"raywa\" class=\"uag-image-1553\" width=\"1024\" height=\"768\" title=\"pexels tirachard kumtanom 112571 450062 (1)\" role=\"img\"\/><\/figure><\/div>\n<\/div>\n\n\n\n<div class=\"wp-block-uagb-image uagb-block-dacf367e wp-block-uagb-image--layout-default wp-block-uagb-image--effect-static wp-block-uagb-image--align-none\"><figure class=\"wp-block-uagb-image__figure\"><img loading=\"lazy\" decoding=\"async\" srcset=\"https:\/\/raywalodge.com\/wp-content\/uploads\/2025\/07\/pexels-marian-havenga-531055927-33039301-1.jpg ,https:\/\/raywalodge.com\/wp-content\/uploads\/2025\/07\/pexels-marian-havenga-531055927-33039301-1.jpg 780w, https:\/\/raywalodge.com\/wp-content\/uploads\/2025\/07\/pexels-marian-havenga-531055927-33039301-1.jpg 360w\" sizes=\"auto, (max-width: 480px) 150px\" src=\"https:\/\/raywalodge.com\/wp-content\/uploads\/2025\/07\/pexels-marian-havenga-531055927-33039301-1.jpg\" alt=\"lemur mada\" class=\"uag-image-1554\" width=\"1200\" height=\"801\" title=\"pexels marian havenga 531055927 33039301 (1)\" role=\"img\"\/><\/figure><\/div>\n\n\n\n<div class=\"wp-block-uagb-image uagb-block-6dc46ae2 wp-block-uagb-image--layout-default wp-block-uagb-image--effect-static wp-block-uagb-image--align-none\"><figure class=\"wp-block-uagb-image__figure\"><img loading=\"lazy\" decoding=\"async\" srcset=\"https:\/\/raywalodge.com\/wp-content\/uploads\/2025\/07\/WhatsApp-Image-2025-07-13-at-21.44.24-1-768x1024.webp ,https:\/\/raywalodge.com\/wp-content\/uploads\/2025\/07\/WhatsApp-Image-2025-07-13-at-21.44.24-1.webp 780w, https:\/\/raywalodge.com\/wp-content\/uploads\/2025\/07\/WhatsApp-Image-2025-07-13-at-21.44.24-1.webp 360w\" sizes=\"auto, (max-width: 480px) 150px\" src=\"https:\/\/raywalodge.com\/wp-content\/uploads\/2025\/07\/WhatsApp-Image-2025-07-13-at-21.44.24-1-768x1024.webp\" alt=\"whatsapp image 2025 07 13 at 21.44.24 (1)\" class=\"uag-image-1372\" width=\"768\" height=\"1024\" title=\"whatsapp image 2025 07 13 at 21.44.24 (1)\" role=\"img\"\/><\/figure><\/div>\n<\/div>\n<\/div>\n\n\n\n<div class=\"wp-block-uagb-counter uagb-block-c38a841a wp-block-uagb-counter--number\"><span class=\"wp-block-uagb-counter__icon\"><svg xmlns=\"https:\/\/www.w3.org\/2000\/svg\" viewbox=\"0 0 576 512\"><path d=\"M314.3 8.486C326.6-2.829 345.4-2.829 357.7 8.486L565.7 200.5C575.4 209.4 578.6 223.4 573.8 235.7C569 247.9 557.2 256 544 256H512V368C512 394.5 490.5 416 464 416H296.4C272.7 317.5 195.4 239.1 97.06 215.8C98.58 210.1 101.7 204.7 106.3 200.5L314.3 8.486zM304 192C295.2 192 287.1 199.2 287.1 208V272C287.1 280.8 295.2 288 304 288H368C376.8 288 384 280.8 384 272V208C384 199.2 376.8 192 368 192H304zM256 488C256 501.3 245.3 512 232 512C218.7 512 208 501.3 208 488C208 386.4 125.6 304 24 304C10.75 304 0 293.3 0 280C0 266.7 10.75 256 24 256C152.1 256 256 359.9 256 488zM0 480C0 462.3 14.33 448 32 448C49.67 448 64 462.3 64 480C64 497.7 49.67 512 32 512C14.33 512 0 497.7 0 480zM0 376C0 362.7 10.75 352 24 352C99.11 352 160 412.9 160 488C160 501.3 149.3 512 136 512C122.7 512 112 501.3 112 488C112 439.4 72.6 400 24 400C10.75 400 0 389.3 0 376z\"><\/path><\/svg><\/span><div class=\"wp-block-uagb-counter__number\"><span class=\"uagb-counter-block-number\" data-duration=\"1.5\" data-to-value=\"2\" data-from-value=\"0\" data-delimiter=\",\"><\/span><\/div><div class=\"wp-block-uagb-counter__title\">2 Comfortable Villas<\/div><\/div>\n\n\n\n<div class=\"wp-block-uagb-counter uagb-block-1768e39c wp-block-uagb-counter--number\"><span class=\"wp-block-uagb-counter__icon\"><svg xmlns=\"https:\/\/www.w3.org\/2000\/svg\" viewbox=\"0 0 512 512\"><path d=\"M467.1 241.1L351.1 288h94.34c-7.711 14.85-16.29 29.28-25.87 43.01l-132.5 52.99h85.65c-59.34 52.71-144.1 80.34-264.5 52.82l-68.13 68.13c-9.38 9.38-24.56 9.374-33.94 0c-9.375-9.375-9.375-24.56 0-33.94l253.4-253.4c4.846-6.275 4.643-15.19-1.113-20.95c-6.25-6.25-16.38-6.25-22.62 0l-168.6 168.6C24.56 58 366.9 8.118 478.9 .0846c18.87-1.354 34.41 14.19 33.05 33.05C508.7 78.53 498.5 161.8 467.1 241.1z\"><\/path><\/svg><\/span><div class=\"wp-block-uagb-counter__number\"><span class=\"uagb-counter-block-number\" data-duration=\"1.5\" data-to-value=\"100\" data-from-value=\"0\" data-delimiter=\",\"><\/span><span class=\"uagb-counter-block-suffix\">%<\/span><\/div><div class=\"wp-block-uagb-counter__title\">Nature &amp; Tranquility<\/div><\/div>\n\n\n\n<div class=\"wp-block-uagb-counter uagb-block-b693aadf wp-block-uagb-counter--number\"><span class=\"wp-block-uagb-counter__icon\"><svg xmlns=\"https:\/\/www.w3.org\/2000\/svg\" viewbox=\"0 0 576 512\"><path d=\"M381.2 150.3L524.9 171.5C536.8 173.2 546.8 181.6 550.6 193.1C554.4 204.7 551.3 217.3 542.7 225.9L438.5 328.1L463.1 474.7C465.1 486.7 460.2 498.9 450.2 506C440.3 513.1 427.2 514 416.5 508.3L288.1 439.8L159.8 508.3C149 514 135.9 513.1 126 506C116.1 498.9 111.1 486.7 113.2 474.7L137.8 328.1L33.58 225.9C24.97 217.3 21.91 204.7 25.69 193.1C29.46 181.6 39.43 173.2 51.42 171.5L195 150.3L259.4 17.97C264.7 6.954 275.9-.0391 288.1-.0391C300.4-.0391 311.6 6.954 316.9 17.97L381.2 150.3z\"><\/path><\/svg><\/span><div class=\"wp-block-uagb-counter__number\"><span class=\"uagb-counter-block-number\" data-duration=\"1.5\" data-to-value=\"15\" data-from-value=\"0\" data-delimiter=\",\"><\/span><\/div><div class=\"wp-block-uagb-counter__title\">Over 15 Tours Available<\/div><\/div>\n\n\n\n<div class=\"wp-block-uagb-container uagb-block-04691f15 alignfull uagb-is-root-container\"><div class=\"uagb-container-inner-blocks-wrap\">\n<div class=\"wp-block-uagb-advanced-heading uagb-block-77bb8587\"><h2 class=\"uagb-heading-text\">Plan an unforgettable experience at RayWa Lodge today!<\/h2><p class=\"uagb-desc-text\">We help you organize a unique stay in Madagascar, tailored to your budget and preferences.<\/p><\/div>\n\n\n\n<div class=\"wp-block-uagb-advanced-heading uagb-block-73f3613d\"><p class=\"uagb-desc-text\">BOOK your stay now<\/p><\/div>\n\n\n\n<div class=\"wp-block-uagb-icon-list uagb-block-9aefea97\"><div class=\"uagb-icon-list__wrap\">\n<div class=\"wp-block-uagb-icon-list-child uagb-block-25196855\"><span class=\"uagb-icon-list__source-wrap\"><svg xmlns=\"https:\/\/www.w3.org\/2000\/svg\" viewbox=\"0 0 512 512\"><path d=\"M511.2 387l-23.25 100.8c-3.266 14.25-15.79 24.22-30.46 24.22C205.2 512 0 306.8 0 54.5c0-14.66 9.969-27.2 24.22-30.45l100.8-23.25C139.7-2.602 154.7 5.018 160.8 18.92l46.52 108.5c5.438 12.78 1.77 27.67-8.98 36.45L144.5 207.1c33.98 69.22 90.26 125.5 159.5 159.5l44.08-53.8c8.688-10.78 23.69-14.51 36.47-8.975l108.5 46.51C506.1 357.2 514.6 372.4 511.2 387z\"><\/path><\/svg><\/span><span class=\"uagb-icon-list__label\">+261-(0)38 87 282 46\u200b<\/span><\/div>\n<\/div><\/div>\n<\/div><\/div>","protected":false},"excerpt":{"rendered":"<p>Nos S\u00e9jours &amp; Treks \u2013 RayWa Lodge Planifiez une exp\u00e9rience inoubliable \u00e0 Raywa Lodge d\u00e8s aujourd\u2019hui ! Nous vous aidons \u00e0 organiser un s\u00e9jour unique \u00e0 Madagascar, adapt\u00e9 \u00e0 votre budget et \u00e0 vos envies. RESERVEz votre sejour d\u00e8s maintenant<\/p>","protected":false},"author":1,"featured_media":0,"parent":0,"menu_order":0,"comment_status":"closed","ping_status":"closed","template":"","meta":{"_uag_custom_page_level_css":"","site-sidebar-layout":"no-sidebar","site-content-layout":"plain-container","ast-site-content-layout":"normal-width-container","site-content-style":"unboxed","site-sidebar-style":"unboxed","ast-global-header-display":"","ast-banner-title-visibility":"","ast-main-header-display":"","ast-hfb-above-header-display":"","ast-hfb-below-header-display":"","ast-hfb-mobile-header-display":"","site-post-title":"disabled","ast-breadcrumbs-content":"","ast-featured-img":"disabled","footer-sml-layout":"","theme-transparent-header-meta":"enabled","adv-header-id-meta":"","stick-header-meta":"","header-above-stick-meta":"","header-main-stick-meta":"","header-below-stick-meta":"","astra-migrate-meta-layouts":"set","ast-page-background-enabled":"default","ast-page-background-meta":{"desktop":{"background-color":"var(--ast-global-color-4)","background-image":"","background-repeat":"repeat","background-position":"center center","background-size":"auto","background-attachment":"scroll","background-type":"","background-media":"","overlay-type":"","overlay-color":"","overlay-opacity":"","overlay-gradient":""},"tablet":{"background-color":"","background-image":"","background-repeat":"repeat","background-position":"center center","background-size":"auto","background-attachment":"scroll","background-type":"","background-media":"","overlay-type":"","overlay-color":"","overlay-opacity":"","overlay-gradient":""},"mobile":{"background-color":"","background-image":"","background-repeat":"repeat","background-position":"center center","background-size":"auto","background-attachment":"scroll","background-type":"","background-media":"","overlay-type":"","overlay-color":"","overlay-opacity":"","overlay-gradient":""}},"ast-content-background-meta":{"desktop":{"background-color":"var(--ast-global-color-5)","background-image":"","background-repeat":"repeat","background-position":"center center","background-size":"auto","background-attachment":"scroll","background-type":"","background-media":"","overlay-type":"","overlay-color":"","overlay-opacity":"","overlay-gradient":""},"tablet":{"background-color":"var(--ast-global-color-5)","background-image":"","background-repeat":"repeat","background-position":"center center","background-size":"auto","background-attachment":"scroll","background-type":"","background-media":"","overlay-type":"","overlay-color":"","overlay-opacity":"","overlay-gradient":""},"mobile":{"background-color":"var(--ast-global-color-5)","background-image":"","background-repeat":"repeat","background-position":"center center","background-size":"auto","background-attachment":"scroll","background-type":"","background-media":"","overlay-type":"","overlay-color":"","overlay-opacity":"","overlay-gradient":""}},"footnotes":""},"class_list":["post-762","page","type-page","status-publish","hentry"],"uagb_featured_image_src":{"full":false,"thumbnail":false,"medium":false,"medium_large":false,"large":false,"1536x1536":false,"2048x2048":false,"trp-custom-language-flag":false},"uagb_author_info":{"display_name":"hasimira@gmail.com","author_link":"https:\/\/raywalodge.com\/en\/author\/hasimiragmail-com\/"},"uagb_comment_info":0,"uagb_excerpt":"Nos S\u00e9jours &amp; Treks \u2013 RayWa Lodge Planifiez une exp\u00e9rience inoubliable \u00e0 Raywa Lodge d\u00e8s aujourd\u2019hui ! Nous vous aidons \u00e0 organiser un s\u00e9jour unique \u00e0 Madagascar, adapt\u00e9 \u00e0 votre budget et \u00e0 vos envies. RESERVEz votre sejour d\u00e8s maintenant","_links":{"self":[{"href":"https:\/\/raywalodge.com\/en\/wp-json\/wp\/v2\/pages\/762","targetHints":{"allow":["GET"]}}],"collection":[{"href":"https:\/\/raywalodge.com\/en\/wp-json\/wp\/v2\/pages"}],"about":[{"href":"https:\/\/raywalodge.com\/en\/wp-json\/wp\/v2\/types\/page"}],"author":[{"embeddable":true,"href":"https:\/\/raywalodge.com\/en\/wp-json\/wp\/v2\/users\/1"}],"replies":[{"embeddable":true,"href":"https:\/\/raywalodge.com\/en\/wp-json\/wp\/v2\/comments?post=762"}],"version-history":[{"count":17,"href":"https:\/\/raywalodge.com\/en\/wp-json\/wp\/v2\/pages\/762\/revisions"}],"predecessor-version":[{"id":1601,"href":"https:\/\/raywalodge.com\/en\/wp-json\/wp\/v2\/pages\/762\/revisions\/1601"}],"wp:attachment":[{"href":"https:\/\/raywalodge.com\/en\/wp-json\/wp\/v2\/media?parent=762"}],"curies":[{"name":"wp","href":"https:\/\/api.w.org\/{rel}","templated":true}]}}